{"id":8,"date":"2026-02-01T20:24:35","date_gmt":"2026-02-01T20:24:35","guid":{"rendered":"https:\/\/www.royalsaunarent.pl\/?page_id=8"},"modified":"2026-02-02T11:37:30","modified_gmt":"2026-02-02T11:37:30","slug":"sauna-premium-z-dowozem-royal-sauna-rent","status":"publish","type":"page","link":"https:\/\/www.royalsaunarent.pl\/","title":{"rendered":"Sauna premium z dowozem \u2013 Royal Sauna Rent"},"content":{"rendered":"\n<div class=\"wp-block-cover alignfull wp-duotone-unset-2\" style=\"margin-top:0;padding-top:5vw;padding-right:5vw;padding-bottom:5vw;padding-left:5vw\"><img loading=\"lazy\" decoding=\"async\" width=\"960\" height=\"720\" class=\"wp-block-cover__image-background wp-image-10 size-full\" alt=\"\" src=\"http:\/\/www.royalsaunarent.pl\/wp-content\/uploads\/2026\/02\/607498143_122155129064724877_1936804333516574135_n.jpg\" data-object-fit=\"cover\" srcset=\"https:\/\/www.royalsaunarent.pl\/wp-content\/uploads\/2026\/02\/607498143_122155129064724877_1936804333516574135_n.jpg 960w, https:\/\/www.royalsaunarent.pl\/wp-content\/uploads\/2026\/02\/607498143_122155129064724877_1936804333516574135_n-300x225.jpg 300w, https:\/\/www.royalsaunarent.pl\/wp-content\/uploads\/2026\/02\/607498143_122155129064724877_1936804333516574135_n-768x576.jpg 768w\" sizes=\"auto, (max-width: 960px) 100vw, 960px\" \/><span aria-hidden=\"true\" class=\"wp-block-cover__background has-contrast-background-color has-background-dim-40 has-background-dim\"><\/span><div class=\"wp-block-cover__inner-container is-layout-flow wp-block-cover-is-layout-flow\">\n<div style=\"height:48px\" aria-hidden=\"true\" class=\"wp-block-spacer\"><\/div>\n\n\n\n<div class=\"wp-block-group is-vertical is-content-justification-center is-nowrap is-layout-flex wp-container-core-group-is-layout-b77dfac5 wp-block-group-is-layout-flex\">\n<p class=\"has-text-align-right has-text-color\" style=\"color:#c8c4d3;font-size:clamp(36.954px, 2.31rem + ((1vw - 3.2px) * 3.044), 68px);font-style:normal;font-weight:300;letter-spacing:3px;line-height:1.1;text-transform:uppercase\">Od dzi\u015b nie jedziesz na saun\u0119&#8230;<\/p>\n\n\n\n<p class=\"is-style-text-subtitle has-text-color has-link-color wp-elements-a9d1c438639a312c5a2cbd1e5463653b is-style-text-subtitle--1\" style=\"color:#ff6a13;font-size:clamp(32.518px, 2.032rem + ((1vw - 3.2px) * 2.498), 58px);font-style:normal;font-weight:300;letter-spacing:3px;line-height:1.1;text-transform:uppercase\">bO  sauna  jedzie  do  CIEBIE<\/p>\n\n\n\n<p class=\"has-text-align-right has-text-color\" style=\"color:#ac94b2;font-size:clamp(67.975px, 4.248rem + ((1vw - 3.2px) * 7.846), 148px);font-style:normal;font-weight:300;letter-spacing:-4px;line-height:0.8;text-transform:uppercase\"><\/p>\n\n\n\n<p><\/p>\n\n\n\n<p><\/p>\n\n\n\n<p class=\"has-text-align-right has-text-color\" style=\"color:#444178;font-size:7px;font-style:normal;font-weight:300;letter-spacing:-4px;line-height:0.8;text-transform:uppercase\"><\/p>\n\n\n\n<div style=\"height:0px\" aria-hidden=\"true\" class=\"wp-block-spacer wp-container-content-eb1ede72\"><\/div>\n<\/div>\n\n\n\n<div class=\"wp-block-buttons is-content-justification-center is-layout-flex wp-container-core-buttons-is-layout-a89b3969 wp-block-buttons-is-layout-flex\">\n<div class=\"wp-block-button\"><a class=\"wp-block-button__link has-background wp-element-button\" href=\"#kontakt\" style=\"background-color:#ff6a13\">Rezerwuj\u0119 termin<\/a><\/div>\n<\/div>\n<\/div><\/div>\n\n\n\n<div class=\"wp-block-group alignfull has-global-padding is-layout-constrained wp-container-core-group-is-layout-ebee8dc1 wp-block-group-is-layout-constrained\" style=\"margin-top:0;margin-bottom:0;padding-top:var(--wp--preset--spacing--50);padding-bottom:var(--wp--preset--spacing--50)\">\n<h2 class=\"wp-block-heading alignwide\">Nasze us\u0142ugi<\/h2>\n\n\n\n<div class=\"wp-block-columns alignwide is-layout-flex wp-container-core-columns-is-layout-28f84493 wp-block-columns-is-layout-flex\">\n<div class=\"wp-block-column is-layout-flow wp-block-column-is-layout-flow\">\n<figure class=\"wp-block-image size-full\" style=\"margin-bottom:24px\"><img loading=\"lazy\" decoding=\"async\" width=\"2048\" height=\"1536\" src=\"http:\/\/www.royalsaunarent.pl\/wp-content\/uploads\/2026\/02\/b8302156-87fb-4b14-9da0-a12f2671dd79.jpg\" alt=\"\" class=\"wp-image-11\" style=\"aspect-ratio:4\/3;object-fit:cover\" srcset=\"https:\/\/www.royalsaunarent.pl\/wp-content\/uploads\/2026\/02\/b8302156-87fb-4b14-9da0-a12f2671dd79.jpg 2048w, https:\/\/www.royalsaunarent.pl\/wp-content\/uploads\/2026\/02\/b8302156-87fb-4b14-9da0-a12f2671dd79-300x225.jpg 300w, https:\/\/www.royalsaunarent.pl\/wp-content\/uploads\/2026\/02\/b8302156-87fb-4b14-9da0-a12f2671dd79-1024x768.jpg 1024w, https:\/\/www.royalsaunarent.pl\/wp-content\/uploads\/2026\/02\/b8302156-87fb-4b14-9da0-a12f2671dd79-768x576.jpg 768w, https:\/\/www.royalsaunarent.pl\/wp-content\/uploads\/2026\/02\/b8302156-87fb-4b14-9da0-a12f2671dd79-1536x1152.jpg 1536w\" sizes=\"auto, (max-width: 2048px) 100vw, 2048px\" \/><\/figure>\n\n\n\n<h3 class=\"wp-block-heading\">Dow\u00f3z i pe\u0142na obs\u0142uga<\/h3>\n\n\n\n<p class=\"has-medium-font-size\">Przyje\u017cd\u017camy, rozstawiamy, instruujemy, odbieramy.<\/p>\n<\/div>\n\n\n\n<div class=\"wp-block-column is-layout-flow wp-block-column-is-layout-flow\">\n<figure class=\"wp-block-image size-full\" style=\"margin-bottom:24px\"><img loading=\"lazy\" decoding=\"async\" width=\"1536\" height=\"2048\" src=\"http:\/\/www.royalsaunarent.pl\/wp-content\/uploads\/2026\/02\/669956ec-e83f-49f1-8371-14ee3478af4f.jpg\" alt=\"\" class=\"wp-image-22\" style=\"aspect-ratio:4\/3;object-fit:cover\" srcset=\"https:\/\/www.royalsaunarent.pl\/wp-content\/uploads\/2026\/02\/669956ec-e83f-49f1-8371-14ee3478af4f.jpg 1536w, https:\/\/www.royalsaunarent.pl\/wp-content\/uploads\/2026\/02\/669956ec-e83f-49f1-8371-14ee3478af4f-225x300.jpg 225w, https:\/\/www.royalsaunarent.pl\/wp-content\/uploads\/2026\/02\/669956ec-e83f-49f1-8371-14ee3478af4f-768x1024.jpg 768w, https:\/\/www.royalsaunarent.pl\/wp-content\/uploads\/2026\/02\/669956ec-e83f-49f1-8371-14ee3478af4f-1152x1536.jpg 1152w\" sizes=\"auto, (max-width: 1536px) 100vw, 1536px\" \/><\/figure>\n\n\n\n<h3 class=\"wp-block-heading\">Premium bez kompromis\u00f3w<\/h3>\n\n\n\n<p class=\"has-medium-font-size\">Naturalne drewno, aromaterapia, \u015bwiat\u0142oterapia, nag\u0142o\u015bnienie.<br><\/p>\n<\/div>\n\n\n\n<div class=\"wp-block-column is-layout-flow wp-block-column-is-layout-flow\">\n<figure class=\"wp-block-image size-full\" style=\"margin-bottom:24px\"><img loading=\"lazy\" decoding=\"async\" width=\"1696\" height=\"2528\" src=\"http:\/\/www.royalsaunarent.pl\/wp-content\/uploads\/2026\/02\/Sauna_-Osoba-w-cieni.jpeg\" alt=\"\" class=\"wp-image-9\" style=\"aspect-ratio:4\/3;object-fit:cover\" srcset=\"https:\/\/www.royalsaunarent.pl\/wp-content\/uploads\/2026\/02\/Sauna_-Osoba-w-cieni.jpeg 1696w, https:\/\/www.royalsaunarent.pl\/wp-content\/uploads\/2026\/02\/Sauna_-Osoba-w-cieni-201x300.jpeg 201w, https:\/\/www.royalsaunarent.pl\/wp-content\/uploads\/2026\/02\/Sauna_-Osoba-w-cieni-687x1024.jpeg 687w, https:\/\/www.royalsaunarent.pl\/wp-content\/uploads\/2026\/02\/Sauna_-Osoba-w-cieni-768x1145.jpeg 768w, https:\/\/www.royalsaunarent.pl\/wp-content\/uploads\/2026\/02\/Sauna_-Osoba-w-cieni-1030x1536.jpeg 1030w, https:\/\/www.royalsaunarent.pl\/wp-content\/uploads\/2026\/02\/Sauna_-Osoba-w-cieni-1374x2048.jpeg 1374w\" sizes=\"auto, (max-width: 1696px) 100vw, 1696px\" \/><\/figure>\n\n\n\n<h3 class=\"wp-block-heading\">Klimat, kt\u00f3rego nie da si\u0119 podrobi\u0107<\/h3>\n\n\n\n<p class=\"has-medium-font-size\">Sauna to do\u015bwiadczenie i rytua\u0142, nie tylko us\u0142uga.<\/p>\n<\/div>\n<\/div>\n<\/div>\n\n\n\n<div class=\"wp-block-group alignfull has-global-padding is-layout-constrained wp-block-group-is-layout-constrained\" style=\"margin-top:0;margin-bottom:0;padding-top:var(--wp--preset--spacing--60);padding-bottom:var(--wp--preset--spacing--60)\">\n<h2 class=\"wp-block-heading alignwide has-text-align-center\">Cennik<\/h2>\n\n\n\n<p class=\"has-text-align-center\"><\/p>\n\n\n\n<div style=\"height:var(--wp--preset--spacing--40)\" aria-hidden=\"true\" class=\"wp-block-spacer\"><\/div>\n\n\n\n<div class=\"wp-block-columns alignwide is-layout-flex wp-container-core-columns-is-layout-1d9f35bd wp-block-columns-is-layout-flex\">\n<div class=\"wp-block-column has-border-color is-layout-flow wp-block-column-is-layout-flow\" style=\"border-color:var(--wp--preset--color--accent-6);border-width:1px;border-radius:10px;padding-top:var(--wp--preset--spacing--50);padding-right:var(--wp--preset--spacing--50);padding-bottom:var(--wp--preset--spacing--50);padding-left:var(--wp--preset--spacing--50)\">\n<h3 class=\"wp-block-heading\" id=\"free\">Wybierz sw\u00f3j dzie\u0144<\/h3>\n\n\n\n<p class=\"has-large-font-size\"><\/p>\n\n\n\n<ul style=\"padding-bottom:var(--wp--preset--spacing--20);padding-left:var(--wp--preset--spacing--20)\" class=\"wp-block-list is-style-checkmark-list has-small-font-size\">\n<li>Poniedzia\u0142ek- czwartek 300 z\u0142 doba<\/li>\n\n\n\n<li>Pi\u0105tek- niedziela 350 z\u0142 doba<\/li>\n\n\n\n<li>Weekend pi\u0105tek- niedziela 800 z\u0142 ca\u0142y weekend<\/li>\n\n\n\n<li>Dojazd do 30 km w cenie (powy\u017cej 2,50 z\u0142\/ km)<\/li>\n<\/ul>\n\n\n\n<div class=\"wp-block-buttons is-content-justification-center is-layout-flex wp-container-core-buttons-is-layout-a89b3969 wp-block-buttons-is-layout-flex\">\n<div class=\"wp-block-button has-custom-width wp-block-button__width-100\"><a class=\"wp-block-button__link has-background wp-element-button\" href=\"#kontakt\" style=\"background-color:#ff6a13\">Rezerwacje<\/a><\/div>\n<\/div>\n<\/div>\n<\/div>\n<\/div>\n\n\n\n<figure class=\"wp-block-gallery has-nested-images columns-default is-cropped wp-block-gallery-3 is-layout-flex wp-block-gallery-is-layout-flex\">\n<figure class=\"wp-block-image size-large\"><img loading=\"lazy\" decoding=\"async\" width=\"960\" height=\"720\" data-id=\"20\" src=\"https:\/\/www.royalsaunarent.pl\/wp-content\/uploads\/2026\/02\/607498143_122155129064724877_1936804333516574135_n-2.jpg\" alt=\"\" class=\"wp-image-20\" srcset=\"https:\/\/www.royalsaunarent.pl\/wp-content\/uploads\/2026\/02\/607498143_122155129064724877_1936804333516574135_n-2.jpg 960w, https:\/\/www.royalsaunarent.pl\/wp-content\/uploads\/2026\/02\/607498143_122155129064724877_1936804333516574135_n-2-300x225.jpg 300w, https:\/\/www.royalsaunarent.pl\/wp-content\/uploads\/2026\/02\/607498143_122155129064724877_1936804333516574135_n-2-768x576.jpg 768w\" sizes=\"auto, (max-width: 960px) 100vw, 960px\" \/><\/figure>\n\n\n\n<figure class=\"wp-block-image size-large\"><img loading=\"lazy\" decoding=\"async\" width=\"768\" height=\"1024\" data-id=\"22\" src=\"https:\/\/www.royalsaunarent.pl\/wp-content\/uploads\/2026\/02\/669956ec-e83f-49f1-8371-14ee3478af4f-768x1024.jpg\" alt=\"\" class=\"wp-image-22\" srcset=\"https:\/\/www.royalsaunarent.pl\/wp-content\/uploads\/2026\/02\/669956ec-e83f-49f1-8371-14ee3478af4f-768x1024.jpg 768w, https:\/\/www.royalsaunarent.pl\/wp-content\/uploads\/2026\/02\/669956ec-e83f-49f1-8371-14ee3478af4f-225x300.jpg 225w, https:\/\/www.royalsaunarent.pl\/wp-content\/uploads\/2026\/02\/669956ec-e83f-49f1-8371-14ee3478af4f-1152x1536.jpg 1152w, https:\/\/www.royalsaunarent.pl\/wp-content\/uploads\/2026\/02\/669956ec-e83f-49f1-8371-14ee3478af4f.jpg 1536w\" sizes=\"auto, (max-width: 768px) 100vw, 768px\" \/><\/figure>\n\n\n\n<figure class=\"wp-block-image size-large\"><img loading=\"lazy\" decoding=\"async\" width=\"1024\" height=\"768\" data-id=\"23\" src=\"https:\/\/www.royalsaunarent.pl\/wp-content\/uploads\/2026\/02\/e0d7f044-452d-44ce-b3b9-60313fd5360c-1024x768.jpg\" alt=\"\" class=\"wp-image-23\" srcset=\"https:\/\/www.royalsaunarent.pl\/wp-content\/uploads\/2026\/02\/e0d7f044-452d-44ce-b3b9-60313fd5360c-1024x768.jpg 1024w, https:\/\/www.royalsaunarent.pl\/wp-content\/uploads\/2026\/02\/e0d7f044-452d-44ce-b3b9-60313fd5360c-300x225.jpg 300w, https:\/\/www.royalsaunarent.pl\/wp-content\/uploads\/2026\/02\/e0d7f044-452d-44ce-b3b9-60313fd5360c-768x576.jpg 768w, https:\/\/www.royalsaunarent.pl\/wp-content\/uploads\/2026\/02\/e0d7f044-452d-44ce-b3b9-60313fd5360c-1536x1152.jpg 1536w, https:\/\/www.royalsaunarent.pl\/wp-content\/uploads\/2026\/02\/e0d7f044-452d-44ce-b3b9-60313fd5360c.jpg 2048w\" sizes=\"auto, (max-width: 1024px) 100vw, 1024px\" \/><\/figure>\n\n\n\n<figure class=\"wp-block-image size-large\"><img loading=\"lazy\" decoding=\"async\" width=\"697\" height=\"1024\" data-id=\"24\" src=\"https:\/\/www.royalsaunarent.pl\/wp-content\/uploads\/2026\/02\/4cb15167-3211-4f74-a35c-64ab13332cef-697x1024.jpg\" alt=\"\" class=\"wp-image-24\" srcset=\"https:\/\/www.royalsaunarent.pl\/wp-content\/uploads\/2026\/02\/4cb15167-3211-4f74-a35c-64ab13332cef-697x1024.jpg 697w, https:\/\/www.royalsaunarent.pl\/wp-content\/uploads\/2026\/02\/4cb15167-3211-4f74-a35c-64ab13332cef-204x300.jpg 204w, https:\/\/www.royalsaunarent.pl\/wp-content\/uploads\/2026\/02\/4cb15167-3211-4f74-a35c-64ab13332cef-768x1128.jpg 768w, https:\/\/www.royalsaunarent.pl\/wp-content\/uploads\/2026\/02\/4cb15167-3211-4f74-a35c-64ab13332cef-1046x1536.jpg 1046w, https:\/\/www.royalsaunarent.pl\/wp-content\/uploads\/2026\/02\/4cb15167-3211-4f74-a35c-64ab13332cef.jpg 1394w\" sizes=\"auto, (max-width: 697px) 100vw, 697px\" \/><\/figure>\n\n\n\n<figure class=\"wp-block-image size-large\"><img loading=\"lazy\" decoding=\"async\" width=\"768\" height=\"1024\" data-id=\"25\" src=\"https:\/\/www.royalsaunarent.pl\/wp-content\/uploads\/2026\/02\/975c24f4-3586-471b-bdf8-2c4de1156ded-768x1024.jpg\" alt=\"\" class=\"wp-image-25\" srcset=\"https:\/\/www.royalsaunarent.pl\/wp-content\/uploads\/2026\/02\/975c24f4-3586-471b-bdf8-2c4de1156ded-768x1024.jpg 768w, https:\/\/www.royalsaunarent.pl\/wp-content\/uploads\/2026\/02\/975c24f4-3586-471b-bdf8-2c4de1156ded-225x300.jpg 225w, https:\/\/www.royalsaunarent.pl\/wp-content\/uploads\/2026\/02\/975c24f4-3586-471b-bdf8-2c4de1156ded-1152x1536.jpg 1152w, https:\/\/www.royalsaunarent.pl\/wp-content\/uploads\/2026\/02\/975c24f4-3586-471b-bdf8-2c4de1156ded.jpg 1536w\" sizes=\"auto, (max-width: 768px) 100vw, 768px\" \/><\/figure>\n\n\n\n<figure class=\"wp-block-image size-large\"><img loading=\"lazy\" decoding=\"async\" width=\"768\" height=\"1024\" data-id=\"26\" src=\"https:\/\/www.royalsaunarent.pl\/wp-content\/uploads\/2026\/02\/71e3332c-1038-4063-9245-a5687c6b5ae6-768x1024.jpg\" alt=\"\" class=\"wp-image-26\" srcset=\"https:\/\/www.royalsaunarent.pl\/wp-content\/uploads\/2026\/02\/71e3332c-1038-4063-9245-a5687c6b5ae6-768x1024.jpg 768w, https:\/\/www.royalsaunarent.pl\/wp-content\/uploads\/2026\/02\/71e3332c-1038-4063-9245-a5687c6b5ae6-225x300.jpg 225w, https:\/\/www.royalsaunarent.pl\/wp-content\/uploads\/2026\/02\/71e3332c-1038-4063-9245-a5687c6b5ae6-1152x1536.jpg 1152w, https:\/\/www.royalsaunarent.pl\/wp-content\/uploads\/2026\/02\/71e3332c-1038-4063-9245-a5687c6b5ae6.jpg 1536w\" sizes=\"auto, (max-width: 768px) 100vw, 768px\" \/><\/figure>\n\n\n\n<figure class=\"wp-block-image size-large\"><img loading=\"lazy\" decoding=\"async\" width=\"768\" height=\"1024\" data-id=\"27\" src=\"https:\/\/www.royalsaunarent.pl\/wp-content\/uploads\/2026\/02\/6aea0551-dbb8-4d8d-862a-a620a00d05ca-768x1024.jpg\" alt=\"\" class=\"wp-image-27\" srcset=\"https:\/\/www.royalsaunarent.pl\/wp-content\/uploads\/2026\/02\/6aea0551-dbb8-4d8d-862a-a620a00d05ca-768x1024.jpg 768w, https:\/\/www.royalsaunarent.pl\/wp-content\/uploads\/2026\/02\/6aea0551-dbb8-4d8d-862a-a620a00d05ca-225x300.jpg 225w, https:\/\/www.royalsaunarent.pl\/wp-content\/uploads\/2026\/02\/6aea0551-dbb8-4d8d-862a-a620a00d05ca-1152x1536.jpg 1152w, https:\/\/www.royalsaunarent.pl\/wp-content\/uploads\/2026\/02\/6aea0551-dbb8-4d8d-862a-a620a00d05ca.jpg 1536w\" sizes=\"auto, (max-width: 768px) 100vw, 768px\" \/><\/figure>\n\n\n\n<figure class=\"wp-block-image size-large\"><img loading=\"lazy\" decoding=\"async\" width=\"768\" height=\"1024\" data-id=\"28\" src=\"https:\/\/www.royalsaunarent.pl\/wp-content\/uploads\/2026\/02\/39dc7545-435e-463b-b53c-dff9fb3419d0-768x1024.jpg\" alt=\"\" class=\"wp-image-28\" srcset=\"https:\/\/www.royalsaunarent.pl\/wp-content\/uploads\/2026\/02\/39dc7545-435e-463b-b53c-dff9fb3419d0-768x1024.jpg 768w, https:\/\/www.royalsaunarent.pl\/wp-content\/uploads\/2026\/02\/39dc7545-435e-463b-b53c-dff9fb3419d0-225x300.jpg 225w, https:\/\/www.royalsaunarent.pl\/wp-content\/uploads\/2026\/02\/39dc7545-435e-463b-b53c-dff9fb3419d0-1152x1536.jpg 1152w, https:\/\/www.royalsaunarent.pl\/wp-content\/uploads\/2026\/02\/39dc7545-435e-463b-b53c-dff9fb3419d0.jpg 1536w\" sizes=\"auto, (max-width: 768px) 100vw, 768px\" \/><\/figure>\n\n\n\n<figure class=\"wp-block-image size-large\"><img loading=\"lazy\" decoding=\"async\" width=\"768\" height=\"1024\" data-id=\"29\" src=\"https:\/\/www.royalsaunarent.pl\/wp-content\/uploads\/2026\/02\/a322f6c6-5df7-43f4-8eb6-f7a3b6aee436-768x1024.jpg\" alt=\"\" class=\"wp-image-29\" srcset=\"https:\/\/www.royalsaunarent.pl\/wp-content\/uploads\/2026\/02\/a322f6c6-5df7-43f4-8eb6-f7a3b6aee436-768x1024.jpg 768w, https:\/\/www.royalsaunarent.pl\/wp-content\/uploads\/2026\/02\/a322f6c6-5df7-43f4-8eb6-f7a3b6aee436-225x300.jpg 225w, https:\/\/www.royalsaunarent.pl\/wp-content\/uploads\/2026\/02\/a322f6c6-5df7-43f4-8eb6-f7a3b6aee436-1152x1536.jpg 1152w, https:\/\/www.royalsaunarent.pl\/wp-content\/uploads\/2026\/02\/a322f6c6-5df7-43f4-8eb6-f7a3b6aee436.jpg 1536w\" sizes=\"auto, (max-width: 768px) 100vw, 768px\" \/><\/figure>\n\n\n\n<figure class=\"wp-block-image size-large\"><img loading=\"lazy\" decoding=\"async\" width=\"768\" height=\"1024\" data-id=\"30\" src=\"https:\/\/www.royalsaunarent.pl\/wp-content\/uploads\/2026\/02\/0be1c5d5-fc7c-4a88-88e9-22319acb57c8-768x1024.jpg\" alt=\"\" class=\"wp-image-30\" srcset=\"https:\/\/www.royalsaunarent.pl\/wp-content\/uploads\/2026\/02\/0be1c5d5-fc7c-4a88-88e9-22319acb57c8-768x1024.jpg 768w, https:\/\/www.royalsaunarent.pl\/wp-content\/uploads\/2026\/02\/0be1c5d5-fc7c-4a88-88e9-22319acb57c8-225x300.jpg 225w, https:\/\/www.royalsaunarent.pl\/wp-content\/uploads\/2026\/02\/0be1c5d5-fc7c-4a88-88e9-22319acb57c8-1152x1536.jpg 1152w, https:\/\/www.royalsaunarent.pl\/wp-content\/uploads\/2026\/02\/0be1c5d5-fc7c-4a88-88e9-22319acb57c8.jpg 1536w\" sizes=\"auto, (max-width: 768px) 100vw, 768px\" \/><\/figure>\n<\/figure>\n\n\n\n<div class=\"wp-block-group has-global-padding is-layout-constrained wp-block-group-is-layout-constrained\">\n<div style=\"height:100px\" aria-hidden=\"true\" class=\"wp-block-spacer\"><\/div>\n<\/div>\n\n\n\n<div id=\"kontakt\" class=\"wp-block-group is-content-justification-center is-nowrap is-layout-flex wp-container-core-group-is-layout-23441af8 wp-block-group-is-layout-flex\">\n<div class=\"wp-block-buttons is-layout-flex wp-block-buttons-is-layout-flex\">\n<div class=\"wp-block-button\"><a class=\"wp-block-button__link has-background wp-element-button\" href=\"tel:+48574888240\" style=\"background-color:#ff6a13\">\u260e\ufe0f DZWO\u0143 TEL. 574 888 240<\/a><\/div>\n<\/div>\n\n\n\n<div class=\"wp-block-buttons is-content-justification-right is-layout-flex wp-container-core-buttons-is-layout-d445cf74 wp-block-buttons-is-layout-flex\">\n<div class=\"wp-block-button\"><a class=\"wp-block-button__link has-background wp-element-button\" href=\"https:\/\/wa.me\/48574888240\" style=\"background-color:#ff6a13\">\ud83d\udce9 PISZ WHATSAPP<\/a><\/div>\n<\/div>\n<\/div>\n\n\n\n<p><\/p>\n","protected":false},"excerpt":{"rendered":"<p>Nasze us\u0142ugi Dow\u00f3z i pe\u0142na obs\u0142uga Przyje\u017cd\u017camy, rozstawiamy, instruujemy, odbieramy. Premium bez kompromis\u00f3w Naturalne drewno, aromaterapia, \u015bwiat\u0142oterapia, nag\u0142o\u015bnienie. Klimat, kt\u00f3rego nie da si\u0119 podrobi\u0107 Sauna to do\u015bwiadczenie i rytua\u0142, nie tylko us\u0142uga. Cennik Wybierz sw\u00f3j dzie\u0144<\/p>\n","protected":false},"author":1,"featured_media":0,"parent":0,"menu_order":0,"comment_status":"closed","ping_status":"closed","template":"","meta":{"footnotes":""},"class_list":["post-8","page","type-page","status-publish","hentry"],"_links":{"self":[{"href":"https:\/\/www.royalsaunarent.pl\/index.php\/wp-json\/wp\/v2\/pages\/8","targetHints":{"allow":["GET"]}}],"collection":[{"href":"https:\/\/www.royalsaunarent.pl\/index.php\/wp-json\/wp\/v2\/pages"}],"about":[{"href":"https:\/\/www.royalsaunarent.pl\/index.php\/wp-json\/wp\/v2\/types\/page"}],"author":[{"embeddable":true,"href":"https:\/\/www.royalsaunarent.pl\/index.php\/wp-json\/wp\/v2\/users\/1"}],"replies":[{"embeddable":true,"href":"https:\/\/www.royalsaunarent.pl\/index.php\/wp-json\/wp\/v2\/comments?post=8"}],"version-history":[{"count":12,"href":"https:\/\/www.royalsaunarent.pl\/index.php\/wp-json\/wp\/v2\/pages\/8\/revisions"}],"predecessor-version":[{"id":52,"href":"https:\/\/www.royalsaunarent.pl\/index.php\/wp-json\/wp\/v2\/pages\/8\/revisions\/52"}],"wp:attachment":[{"href":"https:\/\/www.royalsaunarent.pl\/index.php\/wp-json\/wp\/v2\/media?parent=8"}],"curies":[{"name":"wp","href":"https:\/\/api.w.org\/{rel}","templated":true}]}}